{"id":106,"date":"2023-01-26T15:33:06","date_gmt":"2023-01-26T14:33:06","guid":{"rendered":"https:\/\/www.chei-del-spet.it\/?page_id=106"},"modified":"2023-01-30T11:28:39","modified_gmt":"2023-01-30T10:28:39","slug":"la-ricetta","status":"publish","type":"page","link":"https:\/\/www.chei-del-spet.it\/index.php\/la-ricetta\/","title":{"rendered":"La ricetta"},"content":{"rendered":"\n<h1 class=\"has-text-align-center text-primary\">Cos\u2019\u00e8 lo Spiedo alla Bresciana?<\/h1>\n\n\n\n<p class=\"has-text-align-center\">Prima erano gli uccellini che venivano spiedati e fatti cuocere sullo spiedo che girava nel fuoco vicino alle braci.<\/p>\n\n\n\n<p class=\"has-text-align-center\">Poi gli uccellini, sempre pi\u00f9 rari, sono stati sostituiti dalla coppa, dalle costine di maiale, dal pollo e dal coniglio.<\/p>\n\n\n\n<p class=\"has-text-align-center\">Lo spiedo \u00e8 costituito da sottili aste metalliche appuntite su cui viene alternativamente inforcato un pezzo di ogni tipo di carne, che viene fatto ruotare da un motorino elettrico.<\/p>\n\n\n\n<p class=\"has-text-align-center\"><strong>La sera prima si spieda<\/strong> ponendo vicino a ogni parte metallica una patata, poi la coscia di pollo, coniglio, involtino di coppa, ala di pollo e costine di maiale, intervallati sempre da salvia e pancetta, si faccia attenzione che il tutto non venga pressato eccessivamente, ma che allo stesso tempo non sia lasciato troppo largo.<\/p>\n\n\n\n<p class=\"has-text-align-center\"><strong>Alla mattina di buon\u2019ora<\/strong>, a parte si accende il fuoco, (meglio se di legna di Ulivo), quando le braci sono vive si dispongono alla base dello spiedo, che lentamente gira.<\/p>\n\n\n\n<p class=\"has-text-align-center\">Il tempo di cottura \u00e8 di cinque ore, nelle prime quattro, il grasso in eccesso cola nella leccarda inferiore e viene eliminato.<\/p>\n\n\n\n<p class=\"has-text-align-center\">La salatura \u00e8 un\u2019altra fase molto delicata dello spiedo, bisogna sapere scegliere il momento giusto di salare, di solito lo si f\u00e0 circa dopo tre ore di cottura, quando la carne comincia a dorare, cos\u00ec saremo sicuri che la dose sar\u00e0 sempre giusta.<\/p>\n\n\n\n<p class=\"has-text-align-center\">Alla quarta ora, pulita la leccarda inferiore, si pone sulla leccarda superiore, il burro (qualcuno mette olio di oliva) che colando lentamente evita che lo spiedo si secchi eccessivamente.<\/p>\n\n\n\n<p class=\"has-text-align-center\">Ripetere ogni 15 minuti, lasciare asciugare per mezz\u2019ora e ben caldo, servire con la polenta condita col burro colato.<\/p>\n\n\n\n<div class=\"is-layout-flex wp-container-3 wp-block-columns\">\n<div class=\"is-layout-flow wp-block-column\">\n<figure class=\"wp-block-image alignright size-full is-resized pr-2\"><img decoding=\"async\" loading=\"lazy\" src=\"https:\/\/chei-del-spet.it\/wp-content\/uploads\/2023\/01\/ricetta-1.jpg\" alt=\"\" class=\"wp-image-139\" width=\"462\" height=\"458\" data-aos=\"fade-in-left\" data-aos-delay=\"300\"><\/figure>\n<\/div>\n\n\n\n<div class=\"is-layout-flow wp-block-column\">\n<figure class=\"wp-block-image alignleft size-full is-resized pl-2\"><img decoding=\"async\" loading=\"lazy\" src=\"https:\/\/chei-del-spet.it\/wp-content\/uploads\/2023\/01\/ricetta-2.jpg\" alt=\"\" class=\"wp-image-140\" width=\"462\" height=\"458\" data-aos=\"fade-in-right\" data-aos-delay=\"600\"><\/figure>\n<\/div>\n<\/div>\n\n\n\n<h2 class=\"has-text-align-center pb-4\">Una nostra variante esclusiva:<br>Lo spiedo di \u201ccielo, terra e lago\u201d<\/h2>\n\n\n\n<figure class=\"wp-block-image aligncenter size-full is-resized\"><img decoding=\"async\" loading=\"lazy\" src=\"https:\/\/chei-del-spet.it\/wp-content\/uploads\/2023\/01\/DSC03764_JPG.png\" alt=\"\" class=\"wp-image-191\" width=\"950\" height=\"539\" data-aos=\"fade-in-up\" data-aos-delay=\"900\"><\/figure>\n","protected":false},"excerpt":{"rendered":"<p>Cos\u2019\u00e8 lo Spiedo alla Bresciana? Prima erano gli uccellini che venivano spiedati e fatti cuocere sullo spiedo che girava nel fuoco vicino alle braci. Poi gli uccellini, sempre pi\u00f9 rari, [&#8230;]<\/p>\n<p><a class=\"btn btn-secondary understrap-read-more-link\" href=\"https:\/\/www.chei-del-spet.it\/index.php\/la-ricetta\/\">Leggi tutto&#8230;<\/a><\/p>\n","protected":false},"author":1,"featured_media":77,"parent":0,"menu_order":0,"comment_status":"closed","ping_status":"closed","template":"page-contatti.php","meta":[],"_links":{"self":[{"href":"https:\/\/www.chei-del-spet.it\/index.php\/wp-json\/wp\/v2\/pages\/106"}],"collection":[{"href":"https:\/\/www.chei-del-spet.it\/index.php\/wp-json\/wp\/v2\/pages"}],"about":[{"href":"https:\/\/www.chei-del-spet.it\/index.php\/wp-json\/wp\/v2\/types\/page"}],"author":[{"embeddable":true,"href":"https:\/\/www.chei-del-spet.it\/index.php\/wp-json\/wp\/v2\/users\/1"}],"replies":[{"embeddable":true,"href":"https:\/\/www.chei-del-spet.it\/index.php\/wp-json\/wp\/v2\/comments?post=106"}],"version-history":[{"count":2,"href":"https:\/\/www.chei-del-spet.it\/index.php\/wp-json\/wp\/v2\/pages\/106\/revisions"}],"predecessor-version":[{"id":128,"href":"https:\/\/www.chei-del-spet.it\/index.php\/wp-json\/wp\/v2\/pages\/106\/revisions\/128"}],"wp:featuredmedia":[{"embeddable":true,"href":"https:\/\/www.chei-del-spet.it\/index.php\/wp-json\/wp\/v2\/media\/77"}],"wp:attachment":[{"href":"https:\/\/www.chei-del-spet.it\/index.php\/wp-json\/wp\/v2\/media?parent=106"}],"curies":[{"name":"wp","href":"https:\/\/api.w.org\/{rel}","templated":true}]}}